{"id":1491,"date":"2021-05-13T21:17:37","date_gmt":"2021-05-13T19:17:37","guid":{"rendered":"https:\/\/mamosgroup.com\/?page_id=1491"},"modified":"2021-06-25T14:34:11","modified_gmt":"2021-06-25T12:34:11","slug":"a-propos","status":"publish","type":"page","link":"https:\/\/mamosgroup.com\/?page_id=1491","title":{"rendered":"Qui sommes nous"},"content":{"rendered":"\t\t<div data-elementor-type=\"wp-page\" data-elementor-id=\"1491\" class=\"elementor elementor-1491\" data-elementor-settings=\"[]\">\n\t\t\t\t\t\t\t<div class=\"elementor-section-wrap\">\n\t\t\t\t\t\t\t<section class=\"elementor-section elementor-top-section elementor-element elementor-element-6133c616 elementor-section-height-min-height elementor-section-full_width elementor-section-stretched elementor-section-height-default elementor-section-items-middle\" data-id=\"6133c616\" data-element_type=\"section\" data-settings=\"{&quot;background_background&quot;:&quot;classic&quot;,&quot;stretch_section&quot;:&quot;section-stretched&quot;}\">\n\t\t\t\t\t\t\t<div class=\"elementor-background-overlay\"><\/div>\n\t\t\t\t\t\t\t<div class=\"elementor-container elementor-column-gap-default\">\n\t\t\t\t\t<div class=\"elementor-column elementor-col-100 elementor-top-column elementor-element elementor-element-3c38164a\" data-id=\"3c38164a\" data-element_type=\"column\">\n\t\t\t<div class=\"elementor-widget-wrap elementor-element-populated\">\n\t\t\t\t\t\t\t\t<div class=\"elementor-element elementor-element-74b6d52e elementor-widget elementor-widget-elementskit-heading\" data-id=\"74b6d52e\" data-element_type=\"widget\" data-widget_type=\"elementskit-heading.default\">\n\t\t\t\t<div class=\"elementor-widget-container\">\n\t\t\t<div class=\"ekit-wid-con\" ><div class=\"ekit-heading elementskit-section-title-wraper text_left   ekit_heading_tablet-   ekit_heading_mobile-\"><h2 class=\"ekit-heading--title elementskit-section-title \">\n\t\t\t\t\tQUI SOMMES-NOUS ?\n\t\t\t\t<\/h2><\/div><\/div>\t\t<\/div>\n\t\t\t\t<\/div>\n\t\t\t\t\t<\/div>\n\t\t<\/div>\n\t\t\t\t\t\t\t<\/div>\n\t\t<\/section>\n\t\t\t\t<section class=\"elementor-section elementor-top-section elementor-element elementor-element-a0d1897 elementor-section-boxed elementor-section-height-default elementor-section-height-default\" data-id=\"a0d1897\" data-element_type=\"section\">\n\t\t\t\t\t\t<div class=\"elementor-container elementor-column-gap-default\">\n\t\t\t\t\t<div class=\"elementor-column elementor-col-100 elementor-top-column elementor-element elementor-element-86f2d20\" data-id=\"86f2d20\" data-element_type=\"column\">\n\t\t\t<div class=\"elementor-widget-wrap elementor-element-populated\">\n\t\t\t\t\t\t\t\t<div class=\"elementor-element elementor-element-4c8188d elementor-widget elementor-widget-heading\" data-id=\"4c8188d\" data-element_type=\"widget\" data-widget_type=\"heading.default\">\n\t\t\t\t<div class=\"elementor-widget-container\">\n\t\t\t<h2 class=\"elementor-heading-title elementor-size-default\">Qui sommes - nous ? <\/h2>\t\t<\/div>\n\t\t\t\t<\/div>\n\t\t\t\t\t<\/div>\n\t\t<\/div>\n\t\t\t\t\t\t\t<\/div>\n\t\t<\/section>\n\t\t\t\t<section class=\"elementor-section elementor-top-section elementor-element elementor-element-5293333 elementor-section-boxed elementor-section-height-default elementor-section-height-default\" data-id=\"5293333\" data-element_type=\"section\">\n\t\t\t\t\t\t<div class=\"elementor-container elementor-column-gap-default\">\n\t\t\t\t\t<div class=\"elementor-column elementor-col-100 elementor-top-column elementor-element elementor-element-55bf209\" data-id=\"55bf209\" data-element_type=\"column\">\n\t\t\t<div class=\"elementor-widget-wrap elementor-element-populated\">\n\t\t\t\t\t\t\t\t<div class=\"elementor-element elementor-element-f21725e elementor-position-left elementor-view-default elementor-vertical-align-top elementor-widget elementor-widget-icon-box\" data-id=\"f21725e\" data-element_type=\"widget\" data-widget_type=\"icon-box.default\">\n\t\t\t\t<div class=\"elementor-widget-container\">\n\t\t\t\t\t<div class=\"elementor-icon-box-wrapper\">\n\t\t\t\t\t\t<div class=\"elementor-icon-box-icon\">\n\t\t\t\t<span class=\"elementor-icon elementor-animation-\" >\n\t\t\t\t<i aria-hidden=\"true\" class=\"fas fa-users-slash\"><\/i>\t\t\t\t<\/span>\n\t\t\t<\/div>\n\t\t\t\t\t\t<div class=\"elementor-icon-box-content\">\n\t\t\t\t<h1 class=\"elementor-icon-box-title\">\n\t\t\t\t\t<span >MAMOS GROUP  est une entreprise de microfinance bas\u00e9e en R\u00e9publique D\u00e9mocratique du Congo.  Notre m\u00e9tier est d\u2019accompagner et de fournir un ensemble de produit financier aux personnes exclues  du syst\u00e8me classique ou formel. <\/span>\n\t\t\t\t<\/h1>\n\t\t\t\t\t\t\t<\/div>\n\t\t<\/div>\n\t\t\t\t<\/div>\n\t\t\t\t<\/div>\n\t\t\t\t\t<\/div>\n\t\t<\/div>\n\t\t\t\t\t\t\t<\/div>\n\t\t<\/section>\n\t\t\t\t<section class=\"elementor-section elementor-top-section elementor-element elementor-element-ba3e1ac elementor-section-boxed elementor-section-height-default elementor-section-height-default\" data-id=\"ba3e1ac\" data-element_type=\"section\">\n\t\t\t\t\t\t<div class=\"elementor-container elementor-column-gap-default\">\n\t\t\t\t\t<div class=\"elementor-column elementor-col-100 elementor-top-column elementor-element elementor-element-1db2158\" data-id=\"1db2158\" data-element_type=\"column\">\n\t\t\t<div class=\"elementor-widget-wrap elementor-element-populated\">\n\t\t\t\t\t\t\t\t<div class=\"elementor-element elementor-element-df11eef elementor-position-left elementor-view-default elementor-vertical-align-top elementor-widget elementor-widget-icon-box\" data-id=\"df11eef\" data-element_type=\"widget\" data-widget_type=\"icon-box.default\">\n\t\t\t\t<div class=\"elementor-widget-container\">\n\t\t\t\t\t<div class=\"elementor-icon-box-wrapper\">\n\t\t\t\t\t\t<div class=\"elementor-icon-box-icon\">\n\t\t\t\t<span class=\"elementor-icon elementor-animation-\" >\n\t\t\t\t<i aria-hidden=\"true\" class=\"fas fa-tools\"><\/i>\t\t\t\t<\/span>\n\t\t\t<\/div>\n\t\t\t\t\t\t<div class=\"elementor-icon-box-content\">\n\t\t\t\t<h1 class=\"elementor-icon-box-title\">\n\t\t\t\t\t<span > Cr\u00e9e en 2021, MAMOS GROUP croit fermement que l\u2019acc\u00e8s aux services de microfinance contribue de  mani\u00e8re significative \u00e0 la construction d\u2019une soci\u00e9t\u00e9 plus inclusive, conduisant \u00e0 amener la population  mal desservie dans le r\u00e9seau bancaire et \u00e0 documenter l\u2019\u00e9conomie informelle.<\/span>\n\t\t\t\t<\/h1>\n\t\t\t\t\t\t\t<\/div>\n\t\t<\/div>\n\t\t\t\t<\/div>\n\t\t\t\t<\/div>\n\t\t\t\t\t<\/div>\n\t\t<\/div>\n\t\t\t\t\t\t\t<\/div>\n\t\t<\/section>\n\t\t\t\t<section class=\"elementor-section elementor-top-section elementor-element elementor-element-5a5047d elementor-section-boxed elementor-section-height-default elementor-section-height-default\" data-id=\"5a5047d\" data-element_type=\"section\">\n\t\t\t\t\t\t<div class=\"elementor-container elementor-column-gap-default\">\n\t\t\t\t\t<div class=\"elementor-column elementor-col-100 elementor-top-column elementor-element elementor-element-95c6565\" data-id=\"95c6565\" data-element_type=\"column\">\n\t\t\t<div class=\"elementor-widget-wrap elementor-element-populated\">\n\t\t\t\t\t\t\t\t<div class=\"elementor-element elementor-element-84bfc99 elementor-position-left elementor-view-default elementor-vertical-align-top elementor-widget elementor-widget-icon-box\" data-id=\"84bfc99\" data-element_type=\"widget\" data-widget_type=\"icon-box.default\">\n\t\t\t\t<div class=\"elementor-widget-container\">\n\t\t\t\t\t<div class=\"elementor-icon-box-wrapper\">\n\t\t\t\t\t\t<div class=\"elementor-icon-box-icon\">\n\t\t\t\t<span class=\"elementor-icon elementor-animation-\" >\n\t\t\t\t<i aria-hidden=\"true\" class=\"fas fa-street-view\"><\/i>\t\t\t\t<\/span>\n\t\t\t<\/div>\n\t\t\t\t\t\t<div class=\"elementor-icon-box-content\">\n\t\t\t\t<h1 class=\"elementor-icon-box-title\">\n\t\t\t\t\t<span >Notre secteur d\u2019activit\u00e9 porte sur des produits cr\u00e9es pour donner des moyens de subsistance pour la  population et am\u00e9liorer les conditions de vie. <\/span>\n\t\t\t\t<\/h1>\n\t\t\t\t\t\t\t<\/div>\n\t\t<\/div>\n\t\t\t\t<\/div>\n\t\t\t\t<\/div>\n\t\t\t\t\t<\/div>\n\t\t<\/div>\n\t\t\t\t\t\t\t<\/div>\n\t\t<\/section>\n\t\t\t\t\t\t<\/div>\n\t\t\t\t\t<\/div>\n\t\t","protected":false},"excerpt":{"rendered":"<p>QUI SOMMES-NOUS ? Qui sommes &#8211; nous ? MAMOS GROUP est une entreprise de microfinance bas\u00e9e en R\u00e9publique D\u00e9mocratique du Congo. Notre m\u00e9tier est d\u2019accompagner et de fournir un ensemble de produit financier aux personnes exclues du syst\u00e8me classique ou formel. Cr\u00e9e en 2021, MAMOS GROUP croit fermement que l\u2019acc\u00e8s aux services de microfinance contribue [&hellip;]<\/p>\n","protected":false},"author":1,"featured_media":0,"parent":0,"menu_order":0,"comment_status":"closed","ping_status":"closed","template":"page-templates\/pagebuilder.php","meta":[],"yoast_head":"<!-- This site is optimized with the Yoast SEO plugin v16.3 - https:\/\/yoast.com\/wordpress\/plugins\/seo\/ -->\n<title>MAMOS GROUP NOTRE VISION .<\/title>\n<meta name=\"description\" content=\"MAMOS GROUP Qui sommes nous\" \/>\n<meta name=\"robots\" content=\"index, follow, max-snippet:-1, max-image-preview:large, max-video-preview:-1\" \/>\n<link rel=\"canonical\" href=\"https:\/\/mamosgroup.com\/?page_id=1491\" \/>\n<meta property=\"og:locale\" content=\"fr_FR\" \/>\n<meta property=\"og:type\" content=\"article\" \/>\n<meta property=\"og:title\" content=\"MAMOS GROUP NOTRE VISION .\" \/>\n<meta property=\"og:description\" content=\"MAMOS GROUP Qui sommes nous\" \/>\n<meta property=\"og:url\" content=\"https:\/\/mamosgroup.com\/?page_id=1491\" \/>\n<meta property=\"og:site_name\" content=\"MAMOS GROUP\" \/>\n<meta property=\"article:modified_time\" content=\"2021-06-25T12:34:11+00:00\" \/>\n<meta name=\"twitter:card\" content=\"summary_large_image\" \/>\n<meta name=\"twitter:label1\" content=\"Dur\u00e9e de lecture est.\">\n\t<meta name=\"twitter:data1\" content=\"1 minute\">\n<script type=\"application\/ld+json\" class=\"yoast-schema-graph\">{\"@context\":\"https:\/\/schema.org\",\"@graph\":[{\"@type\":\"Organization\",\"@id\":\"https:\/\/mamosgroup.com\/#organization\",\"name\":\"MAMOS\",\"url\":\"https:\/\/mamosgroup.com\/\",\"sameAs\":[],\"logo\":{\"@type\":\"ImageObject\",\"@id\":\"https:\/\/mamosgroup.com\/#logo\",\"inLanguage\":\"fr-FR\",\"url\":\"https:\/\/mamosgroup.com\/wp-content\/uploads\/2021\/05\/240_F_431932356_jvVrmbDE6OpCd8MSs2joO41ynebNgp1G.jpg\",\"contentUrl\":\"https:\/\/mamosgroup.com\/wp-content\/uploads\/2021\/05\/240_F_431932356_jvVrmbDE6OpCd8MSs2joO41ynebNgp1G.jpg\",\"width\":427,\"height\":240,\"caption\":\"MAMOS\"},\"image\":{\"@id\":\"https:\/\/mamosgroup.com\/#logo\"}},{\"@type\":\"WebSite\",\"@id\":\"https:\/\/mamosgroup.com\/#website\",\"url\":\"https:\/\/mamosgroup.com\/\",\"name\":\"MAMOS GROUP\",\"description\":\"MAMOS GROUP\",\"publisher\":{\"@id\":\"https:\/\/mamosgroup.com\/#organization\"},\"potentialAction\":[{\"@type\":\"SearchAction\",\"target\":\"https:\/\/mamosgroup.com\/?s={search_term_string}\",\"query-input\":\"required name=search_term_string\"}],\"inLanguage\":\"fr-FR\"},{\"@type\":\"WebPage\",\"@id\":\"https:\/\/mamosgroup.com\/?page_id=1491#webpage\",\"url\":\"https:\/\/mamosgroup.com\/?page_id=1491\",\"name\":\"MAMOS GROUP NOTRE VISION .\",\"isPartOf\":{\"@id\":\"https:\/\/mamosgroup.com\/#website\"},\"datePublished\":\"2021-05-13T19:17:37+00:00\",\"dateModified\":\"2021-06-25T12:34:11+00:00\",\"description\":\"MAMOS GROUP Qui sommes nous\",\"breadcrumb\":{\"@id\":\"https:\/\/mamosgroup.com\/?page_id=1491#breadcrumb\"},\"inLanguage\":\"fr-FR\",\"potentialAction\":[{\"@type\":\"ReadAction\",\"target\":[\"https:\/\/mamosgroup.com\/?page_id=1491\"]}]},{\"@type\":\"BreadcrumbList\",\"@id\":\"https:\/\/mamosgroup.com\/?page_id=1491#breadcrumb\",\"itemListElement\":[{\"@type\":\"ListItem\",\"position\":1,\"item\":{\"@type\":\"WebPage\",\"@id\":\"https:\/\/mamosgroup.com\/\",\"url\":\"https:\/\/mamosgroup.com\/\",\"name\":\"Accueil\"}},{\"@type\":\"ListItem\",\"position\":2,\"item\":{\"@id\":\"https:\/\/mamosgroup.com\/?page_id=1491#webpage\"}}]}]}<\/script>\n<!-- \/ Yoast SEO plugin. -->","_links":{"self":[{"href":"https:\/\/mamosgroup.com\/index.php?rest_route=\/wp\/v2\/pages\/1491"}],"collection":[{"href":"https:\/\/mamosgroup.com\/index.php?rest_route=\/wp\/v2\/pages"}],"about":[{"href":"https:\/\/mamosgroup.com\/index.php?rest_route=\/wp\/v2\/types\/page"}],"author":[{"embeddable":true,"href":"https:\/\/mamosgroup.com\/index.php?rest_route=\/wp\/v2\/users\/1"}],"replies":[{"embeddable":true,"href":"https:\/\/mamosgroup.com\/index.php?rest_route=%2Fwp%2Fv2%2Fcomments&post=1491"}],"version-history":[{"count":42,"href":"https:\/\/mamosgroup.com\/index.php?rest_route=\/wp\/v2\/pages\/1491\/revisions"}],"predecessor-version":[{"id":2532,"href":"https:\/\/mamosgroup.com\/index.php?rest_route=\/wp\/v2\/pages\/1491\/revisions\/2532"}],"wp:attachment":[{"href":"https:\/\/mamosgroup.com\/index.php?rest_route=%2Fwp%2Fv2%2Fmedia&parent=1491"}],"curies":[{"name":"wp","href":"https:\/\/api.w.org\/{rel}","templated":true}]}}