{"id":1497,"date":"2021-05-13T21:17:37","date_gmt":"2021-05-13T19:17:37","guid":{"rendered":"https:\/\/mamosgroup.com\/?page_id=1497"},"modified":"2021-05-31T19:39:55","modified_gmt":"2021-05-31T17:39:55","slug":"philosophie-mamos-group","status":"publish","type":"page","link":"https:\/\/mamosgroup.com\/?page_id=1497","title":{"rendered":"Philosophie Mamos group"},"content":{"rendered":"\t\t<div data-elementor-type=\"wp-page\" data-elementor-id=\"1497\" class=\"elementor elementor-1497\" data-elementor-settings=\"[]\">\n\t\t\t\t\t\t\t<div class=\"elementor-section-wrap\">\n\t\t\t\t\t\t\t<section class=\"elementor-section elementor-top-section elementor-element elementor-element-714a2c4b elementor-section-height-min-height elementor-section-full_width elementor-section-stretched elementor-section-height-default elementor-section-items-middle\" data-id=\"714a2c4b\" data-element_type=\"section\" data-settings=\"{&quot;background_background&quot;:&quot;classic&quot;,&quot;stretch_section&quot;:&quot;section-stretched&quot;}\">\n\t\t\t\t\t\t\t<div class=\"elementor-background-overlay\"><\/div>\n\t\t\t\t\t\t\t<div class=\"elementor-container elementor-column-gap-default\">\n\t\t\t\t\t<div class=\"elementor-column elementor-col-100 elementor-top-column elementor-element elementor-element-5d27a01c\" data-id=\"5d27a01c\" data-element_type=\"column\">\n\t\t\t<div class=\"elementor-widget-wrap elementor-element-populated\">\n\t\t\t\t\t\t\t\t<div class=\"elementor-element elementor-element-643ab6d9 elementor-widget elementor-widget-elementskit-heading\" data-id=\"643ab6d9\" data-element_type=\"widget\" data-widget_type=\"elementskit-heading.default\">\n\t\t\t\t<div class=\"elementor-widget-container\">\n\t\t\t<div class=\"ekit-wid-con\" ><div class=\"ekit-heading elementskit-section-title-wraper text_left   ekit_heading_tablet-   ekit_heading_mobile-\"><h2 class=\"ekit-heading--title elementskit-section-title \">\n\t\t\t\t\tPHILOSOPHIE MAMOS GROUP\n\t\t\t\t<\/h2><\/div><\/div>\t\t<\/div>\n\t\t\t\t<\/div>\n\t\t\t\t\t<\/div>\n\t\t<\/div>\n\t\t\t\t\t\t\t<\/div>\n\t\t<\/section>\n\t\t\t\t<section class=\"elementor-section elementor-top-section elementor-element elementor-element-728cae2 elementor-section-boxed elementor-section-height-default elementor-section-height-default\" data-id=\"728cae2\" data-element_type=\"section\">\n\t\t\t\t\t\t<div class=\"elementor-container elementor-column-gap-default\">\n\t\t\t\t\t<div class=\"elementor-column elementor-col-100 elementor-top-column elementor-element elementor-element-29b6918\" data-id=\"29b6918\" data-element_type=\"column\">\n\t\t\t<div class=\"elementor-widget-wrap elementor-element-populated\">\n\t\t\t\t\t\t\t\t<div class=\"elementor-element elementor-element-1d5f808 elementor-widget elementor-widget-heading\" data-id=\"1d5f808\" data-element_type=\"widget\" data-widget_type=\"heading.default\">\n\t\t\t\t<div class=\"elementor-widget-container\">\n\t\t\t<h2 class=\"elementor-heading-title elementor-size-default\">PHILOSOPHIE MAMOS GROUP<\/h2>\t\t<\/div>\n\t\t\t\t<\/div>\n\t\t\t\t\t<\/div>\n\t\t<\/div>\n\t\t\t\t\t\t\t<\/div>\n\t\t<\/section>\n\t\t\t\t<section class=\"elementor-section elementor-top-section elementor-element elementor-element-b5e6e3e elementor-section-boxed elementor-section-height-default elementor-section-height-default\" data-id=\"b5e6e3e\" data-element_type=\"section\" data-settings=\"{&quot;background_background&quot;:&quot;classic&quot;}\">\n\t\t\t\t\t\t<div class=\"elementor-container elementor-column-gap-default\">\n\t\t\t\t\t<div class=\"elementor-column elementor-col-33 elementor-top-column elementor-element elementor-element-0b95d8c\" data-id=\"0b95d8c\" data-element_type=\"column\">\n\t\t\t<div class=\"elementor-widget-wrap elementor-element-populated\">\n\t\t\t\t\t\t\t\t<div class=\"elementor-element elementor-element-2d504ef elementor-view-stacked elementor-shape-circle elementor-position-top elementor-vertical-align-top elementor-widget elementor-widget-icon-box\" data-id=\"2d504ef\" data-element_type=\"widget\" data-widget_type=\"icon-box.default\">\n\t\t\t\t<div class=\"elementor-widget-container\">\n\t\t\t\t\t<div class=\"elementor-icon-box-wrapper\">\n\t\t\t\t\t\t<div class=\"elementor-icon-box-icon\">\n\t\t\t\t<span class=\"elementor-icon elementor-animation-pulse-shrink\" >\n\t\t\t\t<i aria-hidden=\"true\" class=\"fas fa-walking\"><\/i>\t\t\t\t<\/span>\n\t\t\t<\/div>\n\t\t\t\t\t\t<div class=\"elementor-icon-box-content\">\n\t\t\t\t<h3 class=\"elementor-icon-box-title\">\n\t\t\t\t\t<span >Mission<\/span>\n\t\t\t\t<\/h3>\n\t\t\t\t\t\t\t\t<p class=\"elementor-icon-box-description\">Notre\nmission\nest\nde\nr\n\u00e9pondre efficacement aux besoins d\ne\nla population sur l\u2019acc\u00e8s \u00e0 un financement \nsimple et facile dans le but de d\u00e9velopper leurs activit\u00e9s g\u00e9n\u00e9ratrices de revenus et d\u2019am\u00e9liorer par \ncons\u00e9quent leurs conditions de vie.<\/p>\n\t\t\t\t\t\t\t<\/div>\n\t\t<\/div>\n\t\t\t\t<\/div>\n\t\t\t\t<\/div>\n\t\t\t\t\t<\/div>\n\t\t<\/div>\n\t\t\t\t<div class=\"elementor-column elementor-col-33 elementor-top-column elementor-element elementor-element-e8005aa\" data-id=\"e8005aa\" data-element_type=\"column\">\n\t\t\t<div class=\"elementor-widget-wrap elementor-element-populated\">\n\t\t\t\t\t\t\t\t<div class=\"elementor-element elementor-element-df1d461 elementor-view-stacked elementor-shape-circle elementor-position-top elementor-vertical-align-top elementor-widget elementor-widget-icon-box\" data-id=\"df1d461\" data-element_type=\"widget\" data-widget_type=\"icon-box.default\">\n\t\t\t\t<div class=\"elementor-widget-container\">\n\t\t\t\t\t<div class=\"elementor-icon-box-wrapper\">\n\t\t\t\t\t\t<div class=\"elementor-icon-box-icon\">\n\t\t\t\t<span class=\"elementor-icon elementor-animation-wobble-to-bottom-right\" >\n\t\t\t\t<i aria-hidden=\"true\" class=\"fas fa-wheelchair\"><\/i>\t\t\t\t<\/span>\n\t\t\t<\/div>\n\t\t\t\t\t\t<div class=\"elementor-icon-box-content\">\n\t\t\t\t<h3 class=\"elementor-icon-box-title\">\n\t\t\t\t\t<span >Vision<\/span>\n\t\t\t\t<\/h3>\n\t\t\t\t\t\t\t\t<p class=\"elementor-icon-box-description\">Anim\u00e9\npar\nla\npassion\nde\nl\u2019inclusion\nfinanci\u00e8re,\nnous\nprojetons de\ndevenir\nle pacificateur de l\u2019\u00e9cosyst\u00e8me \nde la microfinance congolaise.<\/p>\n\t\t\t\t\t\t\t<\/div>\n\t\t<\/div>\n\t\t\t\t<\/div>\n\t\t\t\t<\/div>\n\t\t\t\t\t<\/div>\n\t\t<\/div>\n\t\t\t\t<div class=\"elementor-column elementor-col-33 elementor-top-column elementor-element elementor-element-bbd434b\" data-id=\"bbd434b\" data-element_type=\"column\">\n\t\t\t<div class=\"elementor-widget-wrap elementor-element-populated\">\n\t\t\t\t\t\t\t\t<div class=\"elementor-element elementor-element-051faa0 elementor-view-framed elementor-shape-circle elementor-position-top elementor-vertical-align-top elementor-widget elementor-widget-icon-box\" data-id=\"051faa0\" data-element_type=\"widget\" data-widget_type=\"icon-box.default\">\n\t\t\t\t<div class=\"elementor-widget-container\">\n\t\t\t\t\t<div class=\"elementor-icon-box-wrapper\">\n\t\t\t\t\t\t<div class=\"elementor-icon-box-icon\">\n\t\t\t\t<span class=\"elementor-icon elementor-animation-push\" >\n\t\t\t\t<i aria-hidden=\"true\" class=\"fas fa-wrench\"><\/i>\t\t\t\t<\/span>\n\t\t\t<\/div>\n\t\t\t\t\t\t<div class=\"elementor-icon-box-content\">\n\t\t\t\t<h3 class=\"elementor-icon-box-title\">\n\t\t\t\t\t<span >Objectif<\/span>\n\t\t\t\t<\/h3>\n\t\t\t\t\t\t\t\t<p class=\"elementor-icon-box-description\">MAMOS GROUP\na\ncomme\nobjectif de d\u00e9mocratiser le secteur financier en rendant l\u2019acc\u00e8s aux \nfinancements possible\nm\u00eame pour\nles\npersonnes vuln\u00e9rables.\n<\/p>\n\t\t\t\t\t\t\t<\/div>\n\t\t<\/div>\n\t\t\t\t<\/div>\n\t\t\t\t<\/div>\n\t\t\t\t\t<\/div>\n\t\t<\/div>\n\t\t\t\t\t\t\t<\/div>\n\t\t<\/section>\n\t\t\t\t\t\t<\/div>\n\t\t\t\t\t<\/div>\n\t\t","protected":false},"excerpt":{"rendered":"<p>PHILOSOPHIE MAMOS GROUP PHILOSOPHIE MAMOS GROUP Mission Notre mission est de r \u00e9pondre efficacement aux besoins d e la population sur l\u2019acc\u00e8s \u00e0 un financement simple et facile dans le but de d\u00e9velopper leurs activit\u00e9s g\u00e9n\u00e9ratrices de revenus et d\u2019am\u00e9liorer par cons\u00e9quent leurs conditions de vie. Vision Anim\u00e9 par la passion de l\u2019inclusion financi\u00e8re, nous [&hellip;]<\/p>\n","protected":false},"author":1,"featured_media":0,"parent":0,"menu_order":0,"comment_status":"closed","ping_status":"closed","template":"page-templates\/pagebuilder.php","meta":[],"yoast_head":"<!-- This site is optimized with the Yoast SEO plugin v16.3 - https:\/\/yoast.com\/wordpress\/plugins\/seo\/ -->\n<title>MAMOS GROUP NOTRE VISION .<\/title>\n<meta name=\"description\" content=\"MAMOS GROUP Philosophie Mamos group\" \/>\n<meta name=\"robots\" content=\"index, follow, max-snippet:-1, max-image-preview:large, max-video-preview:-1\" \/>\n<link rel=\"canonical\" href=\"https:\/\/mamosgroup.com\/?page_id=1497\" \/>\n<meta property=\"og:locale\" content=\"fr_FR\" \/>\n<meta property=\"og:type\" content=\"article\" \/>\n<meta property=\"og:title\" content=\"MAMOS GROUP NOTRE VISION .\" \/>\n<meta property=\"og:description\" content=\"MAMOS GROUP Philosophie Mamos group\" \/>\n<meta property=\"og:url\" content=\"https:\/\/mamosgroup.com\/?page_id=1497\" \/>\n<meta property=\"og:site_name\" content=\"MAMOS GROUP\" \/>\n<meta property=\"article:modified_time\" content=\"2021-05-31T17:39:55+00:00\" \/>\n<meta name=\"twitter:card\" content=\"summary_large_image\" \/>\n<meta name=\"twitter:label1\" content=\"Dur\u00e9e de lecture est.\">\n\t<meta name=\"twitter:data1\" content=\"1 minute\">\n<script type=\"application\/ld+json\" class=\"yoast-schema-graph\">{\"@context\":\"https:\/\/schema.org\",\"@graph\":[{\"@type\":\"Organization\",\"@id\":\"https:\/\/mamosgroup.com\/#organization\",\"name\":\"MAMOS\",\"url\":\"https:\/\/mamosgroup.com\/\",\"sameAs\":[],\"logo\":{\"@type\":\"ImageObject\",\"@id\":\"https:\/\/mamosgroup.com\/#logo\",\"inLanguage\":\"fr-FR\",\"url\":\"https:\/\/mamosgroup.com\/wp-content\/uploads\/2021\/05\/240_F_431932356_jvVrmbDE6OpCd8MSs2joO41ynebNgp1G.jpg\",\"contentUrl\":\"https:\/\/mamosgroup.com\/wp-content\/uploads\/2021\/05\/240_F_431932356_jvVrmbDE6OpCd8MSs2joO41ynebNgp1G.jpg\",\"width\":427,\"height\":240,\"caption\":\"MAMOS\"},\"image\":{\"@id\":\"https:\/\/mamosgroup.com\/#logo\"}},{\"@type\":\"WebSite\",\"@id\":\"https:\/\/mamosgroup.com\/#website\",\"url\":\"https:\/\/mamosgroup.com\/\",\"name\":\"MAMOS GROUP\",\"description\":\"MAMOS GROUP\",\"publisher\":{\"@id\":\"https:\/\/mamosgroup.com\/#organization\"},\"potentialAction\":[{\"@type\":\"SearchAction\",\"target\":\"https:\/\/mamosgroup.com\/?s={search_term_string}\",\"query-input\":\"required name=search_term_string\"}],\"inLanguage\":\"fr-FR\"},{\"@type\":\"WebPage\",\"@id\":\"https:\/\/mamosgroup.com\/?page_id=1497#webpage\",\"url\":\"https:\/\/mamosgroup.com\/?page_id=1497\",\"name\":\"MAMOS GROUP NOTRE VISION .\",\"isPartOf\":{\"@id\":\"https:\/\/mamosgroup.com\/#website\"},\"datePublished\":\"2021-05-13T19:17:37+00:00\",\"dateModified\":\"2021-05-31T17:39:55+00:00\",\"description\":\"MAMOS GROUP Philosophie Mamos group\",\"breadcrumb\":{\"@id\":\"https:\/\/mamosgroup.com\/?page_id=1497#breadcrumb\"},\"inLanguage\":\"fr-FR\",\"potentialAction\":[{\"@type\":\"ReadAction\",\"target\":[\"https:\/\/mamosgroup.com\/?page_id=1497\"]}]},{\"@type\":\"BreadcrumbList\",\"@id\":\"https:\/\/mamosgroup.com\/?page_id=1497#breadcrumb\",\"itemListElement\":[{\"@type\":\"ListItem\",\"position\":1,\"item\":{\"@type\":\"WebPage\",\"@id\":\"https:\/\/mamosgroup.com\/\",\"url\":\"https:\/\/mamosgroup.com\/\",\"name\":\"Accueil\"}},{\"@type\":\"ListItem\",\"position\":2,\"item\":{\"@id\":\"https:\/\/mamosgroup.com\/?page_id=1497#webpage\"}}]}]}<\/script>\n<!-- \/ Yoast SEO plugin. -->","_links":{"self":[{"href":"https:\/\/mamosgroup.com\/index.php?rest_route=\/wp\/v2\/pages\/1497"}],"collection":[{"href":"https:\/\/mamosgroup.com\/index.php?rest_route=\/wp\/v2\/pages"}],"about":[{"href":"https:\/\/mamosgroup.com\/index.php?rest_route=\/wp\/v2\/types\/page"}],"author":[{"embeddable":true,"href":"https:\/\/mamosgroup.com\/index.php?rest_route=\/wp\/v2\/users\/1"}],"replies":[{"embeddable":true,"href":"https:\/\/mamosgroup.com\/index.php?rest_route=%2Fwp%2Fv2%2Fcomments&post=1497"}],"version-history":[{"count":35,"href":"https:\/\/mamosgroup.com\/index.php?rest_route=\/wp\/v2\/pages\/1497\/revisions"}],"predecessor-version":[{"id":2390,"href":"https:\/\/mamosgroup.com\/index.php?rest_route=\/wp\/v2\/pages\/1497\/revisions\/2390"}],"wp:attachment":[{"href":"https:\/\/mamosgroup.com\/index.php?rest_route=%2Fwp%2Fv2%2Fmedia&parent=1497"}],"curies":[{"name":"wp","href":"https:\/\/api.w.org\/{rel}","templated":true}]}}