{"id":1858,"date":"2021-05-21T03:13:43","date_gmt":"2021-05-21T01:13:43","guid":{"rendered":"https:\/\/mamosgroup.com\/?page_id=1858"},"modified":"2024-04-08T19:03:41","modified_gmt":"2024-04-08T17:03:41","slug":"mamos-2","status":"publish","type":"page","link":"https:\/\/mamosgroup.com\/?page_id=1858","title":{"rendered":"MAMOS"},"content":{"rendered":"\t\t<div data-elementor-type=\"wp-page\" data-elementor-id=\"1858\" class=\"elementor elementor-1858\" data-elementor-settings=\"[]\">\n\t\t\t\t\t\t\t<div class=\"elementor-section-wrap\">\n\t\t\t\t\t\t\t<section class=\"elementor-section elementor-top-section elementor-element elementor-element-6387b0b elementor-section-height-min-height elementor-section-full_width elementor-section-stretched elementor-section-height-default elementor-section-items-middle\" data-id=\"6387b0b\" data-element_type=\"section\" data-settings=\"{&quot;background_background&quot;:&quot;classic&quot;,&quot;stretch_section&quot;:&quot;section-stretched&quot;}\">\n\t\t\t\t\t\t\t<div class=\"elementor-background-overlay\"><\/div>\n\t\t\t\t\t\t\t<div class=\"elementor-container elementor-column-gap-default\">\n\t\t\t\t\t<div class=\"elementor-column elementor-col-100 elementor-top-column elementor-element elementor-element-baff92e\" data-id=\"baff92e\" data-element_type=\"column\">\n\t\t\t<div class=\"elementor-widget-wrap elementor-element-populated\">\n\t\t\t\t\t\t\t\t<div class=\"elementor-element elementor-element-1186e9a6 elementor-widget elementor-widget-elementskit-heading\" data-id=\"1186e9a6\" data-element_type=\"widget\" data-widget_type=\"elementskit-heading.default\">\n\t\t\t\t<div class=\"elementor-widget-container\">\n\t\t\t<div class=\"ekit-wid-con\" ><div class=\"ekit-heading elementskit-section-title-wraper text_center   ekit_heading_tablet-   ekit_heading_mobile-\"><h2 class=\"ekit-heading--title elementskit-section-title \">\n\t\t\t\t\tCOBIS\n\t\t\t\t<\/h2><\/div><\/div>\t\t<\/div>\n\t\t\t\t<\/div>\n\t\t\t\t\t<\/div>\n\t\t<\/div>\n\t\t\t\t\t\t\t<\/div>\n\t\t<\/section>\n\t\t\t\t<section class=\"elementor-section elementor-top-section elementor-element elementor-element-31d7652 elementor-section-boxed elementor-section-height-default elementor-section-height-default\" data-id=\"31d7652\" data-element_type=\"section\">\n\t\t\t\t\t\t<div class=\"elementor-container elementor-column-gap-default\">\n\t\t\t\t\t<div class=\"elementor-column elementor-col-100 elementor-top-column elementor-element elementor-element-9f32b1c\" data-id=\"9f32b1c\" data-element_type=\"column\">\n\t\t\t<div class=\"elementor-widget-wrap elementor-element-populated\">\n\t\t\t\t\t\t\t\t<div class=\"elementor-element elementor-element-0605075 elementor-widget elementor-widget-heading\" data-id=\"0605075\" data-element_type=\"widget\" data-widget_type=\"heading.default\">\n\t\t\t\t<div class=\"elementor-widget-container\">\n\t\t\t<h1 class=\"elementor-heading-title elementor-size-default\">COBIS<\/h1>\t\t<\/div>\n\t\t\t\t<\/div>\n\t\t\t\t\t<\/div>\n\t\t<\/div>\n\t\t\t\t\t\t\t<\/div>\n\t\t<\/section>\n\t\t\t\t<section class=\"elementor-section elementor-top-section elementor-element elementor-element-403ffff elementor-section-boxed elementor-section-height-default elementor-section-height-default\" data-id=\"403ffff\" data-element_type=\"section\">\n\t\t\t\t\t\t<div class=\"elementor-container elementor-column-gap-default\">\n\t\t\t\t\t<div class=\"elementor-column elementor-col-100 elementor-top-column elementor-element elementor-element-48d55cc\" data-id=\"48d55cc\" data-element_type=\"column\">\n\t\t\t<div class=\"elementor-widget-wrap elementor-element-populated\">\n\t\t\t\t\t\t\t\t<div class=\"elementor-element elementor-element-e02a9b6 elementor-position-left elementor-view-default elementor-vertical-align-top elementor-widget elementor-widget-icon-box\" data-id=\"e02a9b6\" data-element_type=\"widget\" data-widget_type=\"icon-box.default\">\n\t\t\t\t<div class=\"elementor-widget-container\">\n\t\t\t\t\t<div class=\"elementor-icon-box-wrapper\">\n\t\t\t\t\t\t<div class=\"elementor-icon-box-icon\">\n\t\t\t\t<span class=\"elementor-icon elementor-animation-\" >\n\t\t\t\t<i aria-hidden=\"true\" class=\"fab fa-accessible-icon\"><\/i>\t\t\t\t<\/span>\n\t\t\t<\/div>\n\t\t\t\t\t\t<div class=\"elementor-icon-box-content\">\n\t\t\t\t<h3 class=\"elementor-icon-box-title\">\n\t\t\t\t\t<span >QUI SOMMES-NOUS ?<\/span>\n\t\t\t\t<\/h3>\n\t\t\t\t\t\t\t\t<p class=\"elementor-icon-box-description\">Nous prenons pr\u00e9alablement connaissances des potentiels investisseurs et de la sant\u00e9 financi\u00e8res des entreprises qui sollicitent nos services de placements des fonds en acquisition, fusion, cession et\/ou rachat de parts de sociales des personnes tant physiques que morales pour pr\u00e9server et accro\u00eetre le capital de nos commanditaires, apporter une s\u00e9curit\u00e9 financi\u00e8re \u00e0 des millions de d\u00e9tenteurs de capitaux frais, d\u2019autres investisseurs institutionnels et individuels, et contribuer \u00e0 la croissance \u00e9conomique globale.\n\nCobis est l\u2019une des principales start-up en RDC focalis\u00e9e dans la diffusion d\u2019investissement en RDC. Nous cherchons \u00e0 cr\u00e9er un impact \u00e9conomique positif et une valeur ajout\u00e9e \u00e0 long terme pour nos investisseurs, les soci\u00e9t\u00e9s dans lesquelles nous orientons les investissements et les communaut\u00e9s dans lesquelles nous travaillons. Nous faisons cela en utilisant des personnes extraordinaires et des strat\u00e9gies adapt\u00e9es pour aider les entreprises \u00e0 r\u00e9soudre leurs probl\u00e8mes de tr\u00e9sorerie. Le cabinet est fond\u00e9 par Maxime MONDJOBE.<\/p>\n\t\t\t\t\t\t\t<\/div>\n\t\t<\/div>\n\t\t\t\t<\/div>\n\t\t\t\t<\/div>\n\t\t\t\t\t<\/div>\n\t\t<\/div>\n\t\t\t\t\t\t\t<\/div>\n\t\t<\/section>\n\t\t\t\t<section class=\"elementor-section elementor-top-section elementor-element elementor-element-47cbbfb elementor-section-boxed elementor-section-height-default elementor-section-height-default\" data-id=\"47cbbfb\" data-element_type=\"section\">\n\t\t\t\t\t\t<div class=\"elementor-container elementor-column-gap-default\">\n\t\t\t\t\t<div class=\"elementor-column elementor-col-100 elementor-top-column elementor-element elementor-element-153120d\" data-id=\"153120d\" data-element_type=\"column\">\n\t\t\t<div class=\"elementor-widget-wrap elementor-element-populated\">\n\t\t\t\t\t\t\t\t<div class=\"elementor-element elementor-element-a55c8a1 elementor-position-left elementor-view-default elementor-vertical-align-top elementor-widget elementor-widget-icon-box\" data-id=\"a55c8a1\" data-element_type=\"widget\" data-widget_type=\"icon-box.default\">\n\t\t\t\t<div class=\"elementor-widget-container\">\n\t\t\t\t\t<div class=\"elementor-icon-box-wrapper\">\n\t\t\t\t\t\t<div class=\"elementor-icon-box-icon\">\n\t\t\t\t<span class=\"elementor-icon elementor-animation-\" >\n\t\t\t\t<i aria-hidden=\"true\" class=\"fas fa-walking\"><\/i>\t\t\t\t<\/span>\n\t\t\t<\/div>\n\t\t\t\t\t\t<div class=\"elementor-icon-box-content\">\n\t\t\t\t<h3 class=\"elementor-icon-box-title\">\n\t\t\t\t\t<span >NOTRE CLIENTELE CIBLE<\/span>\n\t\t\t\t<\/h3>\n\t\t\t\t\t\t\t\t<p class=\"elementor-icon-box-description\">Les d\u00e9tenteurs des capitaux frais d\u00e9sireux d\u2019investir leurs \u00e9conomies, parts d\u2019h\u00e9ritage et autres fonds acquits.\nLes entreprises en qu\u00eate de financements nouveaux et les actionnaires voulant c\u00e9der leurs parts sociales \u00e0 des nouveaux actionnaires<\/p>\n\t\t\t\t\t\t\t<\/div>\n\t\t<\/div>\n\t\t\t\t<\/div>\n\t\t\t\t<\/div>\n\t\t\t\t\t<\/div>\n\t\t<\/div>\n\t\t\t\t\t\t\t<\/div>\n\t\t<\/section>\n\t\t\t\t<section class=\"elementor-section elementor-top-section elementor-element elementor-element-405fb03 elementor-section-boxed elementor-section-height-default elementor-section-height-default\" data-id=\"405fb03\" data-element_type=\"section\">\n\t\t\t\t\t\t<div class=\"elementor-container elementor-column-gap-default\">\n\t\t\t\t\t<div class=\"elementor-column elementor-col-100 elementor-top-column elementor-element elementor-element-a575087\" data-id=\"a575087\" data-element_type=\"column\">\n\t\t\t<div class=\"elementor-widget-wrap elementor-element-populated\">\n\t\t\t\t\t\t\t\t<div class=\"elementor-element elementor-element-a76f2e8 elementor-position-left elementor-view-default elementor-vertical-align-top elementor-widget elementor-widget-icon-box\" data-id=\"a76f2e8\" data-element_type=\"widget\" data-widget_type=\"icon-box.default\">\n\t\t\t\t<div class=\"elementor-widget-container\">\n\t\t\t\t\t<div class=\"elementor-icon-box-wrapper\">\n\t\t\t\t\t\t<div class=\"elementor-icon-box-icon\">\n\t\t\t\t<span class=\"elementor-icon elementor-animation-\" >\n\t\t\t\t<i aria-hidden=\"true\" class=\"fas fa-street-view\"><\/i>\t\t\t\t<\/span>\n\t\t\t<\/div>\n\t\t\t\t\t\t<div class=\"elementor-icon-box-content\">\n\t\t\t\t<h3 class=\"elementor-icon-box-title\">\n\t\t\t\t\t<span >QUE SERVONS-NOUS ?<\/span>\n\t\t\t\t<\/h3>\n\t\t\t\t\t\t\t\t<p class=\"elementor-icon-box-description\">En tant qu\u2019innovateur dans l\u2019orientation, facilitation et communication des opportunit\u00e9s d\u2019investir dans le milieu d\u2019affaires de la RDC, nous sommes un partenaire de confiance pour nombre des principaux investisseurs individuels et institutionnels. En tant que facilitateur prudents du capital, nous nous effor\u00e7ons de fournir des informations r\u00e9guli\u00e8res, sinc\u00e8res et fid\u00e8les qui cr\u00e9eront une valeur ajout\u00e9e durable pour nos investisseurs, les soci\u00e9t\u00e9s pour lesquelles nous publions les opportunit\u00e9s d\u2019ouverture de capital, de cession et de rachat d\u2019actifs de leurs actionnaires et la soci\u00e9t\u00e9 en g\u00e9n\u00e9ral.\n\nNos moyens de communication des opportunit\u00e9s de fusion, de liquidation, de cessions et\/ou de rachat des parts sociales, d\u2019ouverture de capital renforcent les entreprises et les positionnent mieux pour une croissance \u00e0 long terme par des nouveaux flux de tr\u00e9sorerie qui  pourrons aider \u00e0 cr\u00e9er de bons emplois, soutenir les communaut\u00e9s locales et, en fin de compte, assurer l'avenir de millions de personnes en RDC.\n\nPour acc\u00e9der \u00e0 notre portail des partenaires limit\u00e9s, cliquez ici.\n<\/p>\n\t\t\t\t\t\t\t<\/div>\n\t\t<\/div>\n\t\t\t\t<\/div>\n\t\t\t\t<\/div>\n\t\t\t\t\t<\/div>\n\t\t<\/div>\n\t\t\t\t\t\t\t<\/div>\n\t\t<\/section>\n\t\t\t\t<section class=\"elementor-section elementor-top-section elementor-element elementor-element-66613c8 elementor-section-boxed elementor-section-height-default elementor-section-height-default\" data-id=\"66613c8\" data-element_type=\"section\">\n\t\t\t\t\t\t<div class=\"elementor-container elementor-column-gap-default\">\n\t\t\t\t\t<div class=\"elementor-column elementor-col-100 elementor-top-column elementor-element elementor-element-80f5b3c\" data-id=\"80f5b3c\" data-element_type=\"column\">\n\t\t\t<div class=\"elementor-widget-wrap elementor-element-populated\">\n\t\t\t\t\t\t\t\t<div class=\"elementor-element elementor-element-f1a2ce9 elementor-position-left elementor-view-default elementor-vertical-align-top elementor-widget elementor-widget-icon-box\" data-id=\"f1a2ce9\" data-element_type=\"widget\" data-widget_type=\"icon-box.default\">\n\t\t\t\t<div class=\"elementor-widget-container\">\n\t\t\t\t\t<div class=\"elementor-icon-box-wrapper\">\n\t\t\t\t\t\t<div class=\"elementor-icon-box-icon\">\n\t\t\t\t<span class=\"elementor-icon elementor-animation-\" >\n\t\t\t\t<i aria-hidden=\"true\" class=\"fas fa-tools\"><\/i>\t\t\t\t<\/span>\n\t\t\t<\/div>\n\t\t\t\t\t\t<div class=\"elementor-icon-box-content\">\n\t\t\t\t<h3 class=\"elementor-icon-box-title\">\n\t\t\t\t\t<span >SECURISATION DES INVESTISSEMENTS.<\/span>\n\t\t\t\t<\/h3>\n\t\t\t\t\t\t\t\t<p class=\"elementor-icon-box-description\">L\u2019entreprise a pour objectif de fructifier l\u2019\u00e9pargne de sa client\u00e8le et s\u00e9curiser les investisseurs par un suivi r\u00e9gulier des fonds investis \u00e0 long terme gr\u00e2ce \u00e0 une application rigoureuse de notre capital intellectuel et financier. Toutes nos activit\u00e9s refl\u00e8tent la culture de partenariat solide de COBIS, son engagement \u00e0 offrir des performances exceptionnelles et une int\u00e9grit\u00e9 sans compromi .<\/p>\n\t\t\t\t\t\t\t<\/div>\n\t\t<\/div>\n\t\t\t\t<\/div>\n\t\t\t\t<\/div>\n\t\t\t\t\t<\/div>\n\t\t<\/div>\n\t\t\t\t\t\t\t<\/div>\n\t\t<\/section>\n\t\t\t\t<section class=\"elementor-section elementor-top-section elementor-element elementor-element-2094dbe elementor-section-boxed elementor-section-height-default elementor-section-height-default\" data-id=\"2094dbe\" data-element_type=\"section\">\n\t\t\t\t\t\t<div class=\"elementor-container elementor-column-gap-default\">\n\t\t\t\t\t<div class=\"elementor-column elementor-col-100 elementor-top-column elementor-element elementor-element-05c9bef\" data-id=\"05c9bef\" data-element_type=\"column\">\n\t\t\t<div class=\"elementor-widget-wrap elementor-element-populated\">\n\t\t\t\t\t\t\t\t<div class=\"elementor-element elementor-element-9d19892 elementor-position-left elementor-view-default elementor-vertical-align-top elementor-widget elementor-widget-icon-box\" data-id=\"9d19892\" data-element_type=\"widget\" data-widget_type=\"icon-box.default\">\n\t\t\t\t<div class=\"elementor-widget-container\">\n\t\t\t\t\t<div class=\"elementor-icon-box-wrapper\">\n\t\t\t\t\t\t<div class=\"elementor-icon-box-icon\">\n\t\t\t\t<span class=\"elementor-icon elementor-animation-\" >\n\t\t\t\t<i aria-hidden=\"true\" class=\"fas fa-user-friends\"><\/i>\t\t\t\t<\/span>\n\t\t\t<\/div>\n\t\t\t\t\t\t<div class=\"elementor-icon-box-content\">\n\t\t\t\t<h3 class=\"elementor-icon-box-title\">\n\t\t\t\t\t<span >A NOS CLIENTS<\/span>\n\t\t\t\t<\/h3>\n\t\t\t\t\t\t\t\t<p class=\"elementor-icon-box-description\">\nDonner la priorit\u00e9 aux int\u00e9r\u00eats de nos clients est au c\u0153ur de notre philosophie de publication des opportunit\u00e9s d\u2019investissements. Nous adaptons \u00e9galement nos orientations d\u2019investissement aux besoins sp\u00e9cifiques de nos clients. Cette approche conduit \u00e0 un niveau \u00e9lev\u00e9 de satisfaction de la client\u00e8le.\n<\/p>\n\t\t\t\t\t\t\t<\/div>\n\t\t<\/div>\n\t\t\t\t<\/div>\n\t\t\t\t<\/div>\n\t\t\t\t\t<\/div>\n\t\t<\/div>\n\t\t\t\t\t\t\t<\/div>\n\t\t<\/section>\n\t\t\t\t\t\t<\/div>\n\t\t\t\t\t<\/div>\n\t\t","protected":false},"excerpt":{"rendered":"<p>COBIS COBIS QUI SOMMES-NOUS ? Nous prenons pr\u00e9alablement connaissances des potentiels investisseurs et de la sant\u00e9 financi\u00e8res des entreprises qui sollicitent nos services de placements des fonds en acquisition, fusion, cession et\/ou rachat de parts de sociales des personnes tant physiques que morales pour pr\u00e9server et accro\u00eetre le capital de nos commanditaires, apporter une s\u00e9curit\u00e9 [&hellip;]<\/p>\n","protected":false},"author":1,"featured_media":0,"parent":0,"menu_order":0,"comment_status":"closed","ping_status":"closed","template":"page-templates\/pagebuilder.php","meta":[],"yoast_head":"<!-- This site is optimized with the Yoast SEO plugin v16.3 - https:\/\/yoast.com\/wordpress\/plugins\/seo\/ -->\n<title>MAMOS GROUP NOTRE VISION .<\/title>\n<meta name=\"description\" content=\"MAMOS GROUP MAMOS\" \/>\n<meta name=\"robots\" content=\"index, follow, max-snippet:-1, max-image-preview:large, max-video-preview:-1\" \/>\n<link rel=\"canonical\" href=\"https:\/\/mamosgroup.com\/?page_id=1858\" \/>\n<meta property=\"og:locale\" content=\"fr_FR\" \/>\n<meta property=\"og:type\" content=\"article\" \/>\n<meta property=\"og:title\" content=\"MAMOS GROUP NOTRE VISION .\" \/>\n<meta property=\"og:description\" content=\"MAMOS GROUP MAMOS\" \/>\n<meta property=\"og:url\" content=\"https:\/\/mamosgroup.com\/?page_id=1858\" \/>\n<meta property=\"og:site_name\" content=\"MAMOS GROUP\" \/>\n<meta property=\"article:modified_time\" content=\"2024-04-08T17:03:41+00:00\" \/>\n<meta name=\"twitter:card\" content=\"summary_large_image\" \/>\n<meta name=\"twitter:label1\" content=\"Dur\u00e9e de lecture est.\">\n\t<meta name=\"twitter:data1\" content=\"3 minutes\">\n<script type=\"application\/ld+json\" class=\"yoast-schema-graph\">{\"@context\":\"https:\/\/schema.org\",\"@graph\":[{\"@type\":\"Organization\",\"@id\":\"https:\/\/mamosgroup.com\/#organization\",\"name\":\"MAMOS\",\"url\":\"https:\/\/mamosgroup.com\/\",\"sameAs\":[],\"logo\":{\"@type\":\"ImageObject\",\"@id\":\"https:\/\/mamosgroup.com\/#logo\",\"inLanguage\":\"fr-FR\",\"url\":\"https:\/\/mamosgroup.com\/wp-content\/uploads\/2021\/05\/240_F_431932356_jvVrmbDE6OpCd8MSs2joO41ynebNgp1G.jpg\",\"contentUrl\":\"https:\/\/mamosgroup.com\/wp-content\/uploads\/2021\/05\/240_F_431932356_jvVrmbDE6OpCd8MSs2joO41ynebNgp1G.jpg\",\"width\":427,\"height\":240,\"caption\":\"MAMOS\"},\"image\":{\"@id\":\"https:\/\/mamosgroup.com\/#logo\"}},{\"@type\":\"WebSite\",\"@id\":\"https:\/\/mamosgroup.com\/#website\",\"url\":\"https:\/\/mamosgroup.com\/\",\"name\":\"MAMOS GROUP\",\"description\":\"MAMOS GROUP\",\"publisher\":{\"@id\":\"https:\/\/mamosgroup.com\/#organization\"},\"potentialAction\":[{\"@type\":\"SearchAction\",\"target\":\"https:\/\/mamosgroup.com\/?s={search_term_string}\",\"query-input\":\"required name=search_term_string\"}],\"inLanguage\":\"fr-FR\"},{\"@type\":\"WebPage\",\"@id\":\"https:\/\/mamosgroup.com\/?page_id=1858#webpage\",\"url\":\"https:\/\/mamosgroup.com\/?page_id=1858\",\"name\":\"MAMOS GROUP NOTRE VISION .\",\"isPartOf\":{\"@id\":\"https:\/\/mamosgroup.com\/#website\"},\"datePublished\":\"2021-05-21T01:13:43+00:00\",\"dateModified\":\"2024-04-08T17:03:41+00:00\",\"description\":\"MAMOS GROUP MAMOS\",\"breadcrumb\":{\"@id\":\"https:\/\/mamosgroup.com\/?page_id=1858#breadcrumb\"},\"inLanguage\":\"fr-FR\",\"potentialAction\":[{\"@type\":\"ReadAction\",\"target\":[\"https:\/\/mamosgroup.com\/?page_id=1858\"]}]},{\"@type\":\"BreadcrumbList\",\"@id\":\"https:\/\/mamosgroup.com\/?page_id=1858#breadcrumb\",\"itemListElement\":[{\"@type\":\"ListItem\",\"position\":1,\"item\":{\"@type\":\"WebPage\",\"@id\":\"https:\/\/mamosgroup.com\/\",\"url\":\"https:\/\/mamosgroup.com\/\",\"name\":\"Accueil\"}},{\"@type\":\"ListItem\",\"position\":2,\"item\":{\"@id\":\"https:\/\/mamosgroup.com\/?page_id=1858#webpage\"}}]}]}<\/script>\n<!-- \/ Yoast SEO plugin. -->","_links":{"self":[{"href":"https:\/\/mamosgroup.com\/index.php?rest_route=\/wp\/v2\/pages\/1858"}],"collection":[{"href":"https:\/\/mamosgroup.com\/index.php?rest_route=\/wp\/v2\/pages"}],"about":[{"href":"https:\/\/mamosgroup.com\/index.php?rest_route=\/wp\/v2\/types\/page"}],"author":[{"embeddable":true,"href":"https:\/\/mamosgroup.com\/index.php?rest_route=\/wp\/v2\/users\/1"}],"replies":[{"embeddable":true,"href":"https:\/\/mamosgroup.com\/index.php?rest_route=%2Fwp%2Fv2%2Fcomments&post=1858"}],"version-history":[{"count":36,"href":"https:\/\/mamosgroup.com\/index.php?rest_route=\/wp\/v2\/pages\/1858\/revisions"}],"predecessor-version":[{"id":2615,"href":"https:\/\/mamosgroup.com\/index.php?rest_route=\/wp\/v2\/pages\/1858\/revisions\/2615"}],"wp:attachment":[{"href":"https:\/\/mamosgroup.com\/index.php?rest_route=%2Fwp%2Fv2%2Fmedia&parent=1858"}],"curies":[{"name":"wp","href":"https:\/\/api.w.org\/{rel}","templated":true}]}}